{"id":45,"date":"2021-05-31T20:38:50","date_gmt":"2021-05-31T20:38:50","guid":{"rendered":"https:\/\/beimirzuhausefestival.kirschgruen.com\/?page_id=45"},"modified":"2025-12-21T22:36:26","modified_gmt":"2025-12-21T22:36:26","slug":"bmzf","status":"publish","type":"page","link":"https:\/\/kirschgruen.com\/kunden\/lebendigeradventskalender\/","title":{"rendered":"lebendiger Adventskalender"},"content":{"rendered":"\t\t<div data-elementor-type=\"wp-page\" data-elementor-id=\"45\" class=\"elementor elementor-45\" data-elementor-settings=\"[]\">\n\t\t\t\t\t\t\t<div class=\"elementor-section-wrap\">\n\t\t\t\t\t\t\t<section class=\"elementor-section elementor-top-section elementor-element elementor-element-8144446 elementor-section-boxed elementor-section-height-default elementor-section-height-default\" data-id=\"8144446\" data-element_type=\"section\" data-settings=\"{&quot;background_background&quot;:&quot;classic&quot;}\">\n\t\t\t\t\t\t<div class=\"elementor-container elementor-column-gap-default\">\n\t\t\t\t\t<div class=\"elementor-column elementor-col-100 elementor-top-column elementor-element elementor-element-e9ef6a5\" data-id=\"e9ef6a5\" data-element_type=\"column\">\n\t\t\t<div class=\"elementor-widget-wrap\">\n\t\t\t\t\t\t\t\t\t<\/div>\n\t\t<\/div>\n\t\t\t\t\t\t\t<\/div>\n\t\t<\/section>\n\t\t\t\t<section class=\"elementor-section elementor-top-section elementor-element elementor-element-5a2e41f elementor-section-boxed elementor-section-height-default elementor-section-height-default\" data-id=\"5a2e41f\" data-element_type=\"section\" data-settings=\"{&quot;background_background&quot;:&quot;classic&quot;}\">\n\t\t\t\t\t\t<div class=\"elementor-container elementor-column-gap-default\">\n\t\t\t\t\t<div class=\"elementor-column elementor-col-100 elementor-top-column elementor-element elementor-element-61e5949\" data-id=\"61e5949\" data-element_type=\"column\">\n\t\t\t<div class=\"elementor-widget-wrap elementor-element-populated\">\n\t\t\t\t\t\t\t\t<div class=\"elementor-element elementor-element-2042f06 elementor-widget elementor-widget-shortcode\" data-id=\"2042f06\" data-element_type=\"widget\" data-widget_type=\"shortcode.default\">\n\t\t\t\t<div class=\"elementor-widget-container\">\n\t\t\t\t\t<div class=\"elementor-shortcode\">  <\/div>\n\t\t\t\t<\/div>\n\t\t\t\t<\/div>\n\t\t\t\t<div class=\"elementor-element elementor-element-119091c elementor-widget elementor-widget-heading\" data-id=\"119091c\" data-element_type=\"widget\" data-widget_type=\"heading.default\">\n\t\t\t\t<div class=\"elementor-widget-container\">\n\t\t\t<h1 class=\"elementor-heading-title elementor-size-default\">Der lebendige Adventskalender Gro\u00dfhansdorf<\/h1>\t\t<\/div>\n\t\t\t\t<\/div>\n\t\t\t\t<section class=\"elementor-section elementor-inner-section elementor-element elementor-element-68cba53 elementor-section-boxed elementor-section-height-default elementor-section-height-default\" data-id=\"68cba53\" data-element_type=\"section\">\n\t\t\t\t\t\t<div class=\"elementor-container elementor-column-gap-default\">\n\t\t\t\t\t<div class=\"elementor-column elementor-col-50 elementor-inner-column elementor-element elementor-element-3a553d4\" data-id=\"3a553d4\" data-element_type=\"column\">\n\t\t\t<div class=\"elementor-widget-wrap elementor-element-populated\">\n\t\t\t\t\t\t\t\t<div class=\"elementor-element elementor-element-c1eb6a8 elementor-widget elementor-widget-heading\" data-id=\"c1eb6a8\" data-element_type=\"widget\" data-widget_type=\"heading.default\">\n\t\t\t\t<div class=\"elementor-widget-container\">\n\t\t\t<h2 class=\"elementor-heading-title elementor-size-default\">1. DIE IDEE<\/h2>\t\t<\/div>\n\t\t\t\t<\/div>\n\t\t\t\t<div class=\"elementor-element elementor-element-5bb1760 elementor-widget elementor-widget-text-editor\" data-id=\"5bb1760\" data-element_type=\"widget\" data-widget_type=\"text-editor.default\">\n\t\t\t\t<div class=\"elementor-widget-container\">\n\t\t\t\t\t\t\t\t<p><span class=\"fontstyle0\">Man trifft sich drau\u00dfen vor einem adventlich geschm\u00fcckten Fenster, singt Weihnachtslieder, h\u00f6rt Gedichte oder Geschichten und l\u00e4sst diese besinnliche Stimmung &#8211; je nach Wetterlage &#8211; noch bei einem Punsch und netten Gespr\u00e4chen ausklingen<\/span><\/p>\t\t\t\t\t\t<\/div>\n\t\t\t\t<\/div>\n\t\t\t\t\t<\/div>\n\t\t<\/div>\n\t\t\t\t<div class=\"elementor-column elementor-col-50 elementor-inner-column elementor-element elementor-element-ac97878\" data-id=\"ac97878\" data-element_type=\"column\">\n\t\t\t<div class=\"elementor-widget-wrap elementor-element-populated\">\n\t\t\t\t\t\t\t\t<div class=\"elementor-element elementor-element-6f960cf elementor-widget elementor-widget-heading\" data-id=\"6f960cf\" data-element_type=\"widget\" data-widget_type=\"heading.default\">\n\t\t\t\t<div class=\"elementor-widget-container\">\n\t\t\t<h2 class=\"elementor-heading-title elementor-size-default\">2. INFOS<\/h2>\t\t<\/div>\n\t\t\t\t<\/div>\n\t\t\t\t<div class=\"elementor-element elementor-element-1118b91 elementor-widget elementor-widget-text-editor\" data-id=\"1118b91\" data-element_type=\"widget\" data-widget_type=\"text-editor.default\">\n\t\t\t\t<div class=\"elementor-widget-container\">\n\t\t\t\t\t\t\t\t<p>Jetzt einen Termin sichern und einen wunderbaren Abend vor einem weihnachtlich geschm\u00fcckten Fenster veranstalten. Wir freuen uns auf alle Beteiligten, Gastgeber und G\u00e4ste.<\/p><p><style type=\"text\/css\">P { margin-bottom: 0.21cm }<\/style><\/p>\t\t\t\t\t\t<\/div>\n\t\t\t\t<\/div>\n\t\t\t\t\t<\/div>\n\t\t<\/div>\n\t\t\t\t\t\t\t<\/div>\n\t\t<\/section>\n\t\t\t\t<section class=\"elementor-section elementor-inner-section elementor-element elementor-element-17ee90f elementor-section-boxed elementor-section-height-default elementor-section-height-default\" data-id=\"17ee90f\" data-element_type=\"section\">\n\t\t\t\t\t\t<div class=\"elementor-container elementor-column-gap-default\">\n\t\t\t\t\t<div class=\"elementor-column elementor-col-50 elementor-inner-column elementor-element elementor-element-ab3e843\" data-id=\"ab3e843\" data-element_type=\"column\">\n\t\t\t<div class=\"elementor-widget-wrap elementor-element-populated\">\n\t\t\t\t\t\t\t\t<div class=\"elementor-element elementor-element-51c2976 elementor-widget elementor-widget-heading\" data-id=\"51c2976\" data-element_type=\"widget\" data-widget_type=\"heading.default\">\n\t\t\t\t<div class=\"elementor-widget-container\">\n\t\t\t<h2 class=\"elementor-heading-title elementor-size-default\">3. ANMELDUNG<\/h2>\t\t<\/div>\n\t\t\t\t<\/div>\n\t\t\t\t<div class=\"elementor-element elementor-element-3c552f4 elementor-widget elementor-widget-text-editor\" data-id=\"3c552f4\" data-element_type=\"widget\" data-widget_type=\"text-editor.default\">\n\t\t\t\t<div class=\"elementor-widget-container\">\n\t\t\t\t\t\t\t\t<p>5 <b>&#8222;Lebendiger Adventskalender 2025&#8220;<\/b><\/p><div>Auch in diesem Jahr soll wieder der lebendige Adventskalender stattfinden. Dazu braucht es Ihre Hilfe &#8211; Organisieren auch Sie einen Abend vor einem festlich geschm\u00fcckten Fenster bei Ihnen Zuhause, vor der Firma oder als Verein.<\/div><div>\u00a0<\/div><div>Man trifft sich drau\u00dfen vor einem adventlich geschm\u00fcckten Fenster, singt Weihnachtslieder, h\u00f6rt Gedichte oder Geschichten und l\u00e4sst diese besinnliche Stimmung \u2013 je nach Wetterlage \u2013 noch bei einem Punsch und netten Gespr\u00e4chen ausklingen.<\/div><div>\u00a0<\/div><p>Also, wenn Sie Lust bekommen haben, auch einen Abend zu gestalten, der noch mehr Freude auf die Adventszeit macht, dann melden Sie sich bei Anne Hansen unter der Mailadresse: <b>der-lebendige-adventskalender@gmx.de<\/b> (Wenn Sie in der Liste vom Waldreiter aufgef\u00fchrt werden wollen, meden Sie sich bitte bis zum 19.10.2025)<\/p>\t\t\t\t\t\t<\/div>\n\t\t\t\t<\/div>\n\t\t\t\t\t<\/div>\n\t\t<\/div>\n\t\t\t\t<div class=\"elementor-column elementor-col-50 elementor-inner-column elementor-element elementor-element-ec8e8db\" data-id=\"ec8e8db\" data-element_type=\"column\">\n\t\t\t<div class=\"elementor-widget-wrap elementor-element-populated\">\n\t\t\t\t\t\t\t\t<div class=\"elementor-element elementor-element-d645318 elementor-widget elementor-widget-counter\" data-id=\"d645318\" data-element_type=\"widget\" data-widget_type=\"counter.default\">\n\t\t\t\t<div class=\"elementor-widget-container\">\n\t\t\t\t\t<div class=\"elementor-counter\">\n\t\t\t<div class=\"elementor-counter-number-wrapper\">\n\t\t\t\t<span class=\"elementor-counter-number-prefix\"><\/span>\n\t\t\t\t<span class=\"elementor-counter-number\" data-duration=\"2000\" data-to-value=\"1\" data-from-value=\"0\" data-delimiter=\",\">0<\/span>\n\t\t\t\t<span class=\"elementor-counter-number-suffix\"><\/span>\n\t\t\t<\/div>\n\t\t\t\t\t\t\t<div class=\"elementor-counter-title\">Woche bis Weihnachten<\/div>\n\t\t\t\t\t<\/div>\n\t\t\t\t<\/div>\n\t\t\t\t<\/div>\n\t\t\t\t<div class=\"elementor-element elementor-element-045e1cf elementor-widget elementor-widget-text-editor\" data-id=\"045e1cf\" data-element_type=\"widget\" data-widget_type=\"text-editor.default\">\n\t\t\t\t<div class=\"elementor-widget-container\">\n\t\t\t\t\t\t\t\t\t\t\t\t\t\t<\/div>\n\t\t\t\t<\/div>\n\t\t\t\t\t<\/div>\n\t\t<\/div>\n\t\t\t\t\t\t\t<\/div>\n\t\t<\/section>\n\t\t\t\t\t<\/div>\n\t\t<\/div>\n\t\t\t\t\t\t\t<\/div>\n\t\t<\/section>\n\t\t\t\t<section class=\"elementor-section elementor-top-section elementor-element elementor-element-ac3b92b elementor-section-boxed elementor-section-height-default elementor-section-height-default\" data-id=\"ac3b92b\" data-element_type=\"section\">\n\t\t\t\t\t\t<div class=\"elementor-container elementor-column-gap-default\">\n\t\t\t\t\t<div class=\"elementor-column elementor-col-100 elementor-top-column elementor-element elementor-element-5904efe\" data-id=\"5904efe\" data-element_type=\"column\">\n\t\t\t<div class=\"elementor-widget-wrap elementor-element-populated\">\n\t\t\t\t\t\t\t\t<div class=\"elementor-element elementor-element-5fb375a elementor-widget elementor-widget-heading\" data-id=\"5fb375a\" data-element_type=\"widget\" data-widget_type=\"heading.default\">\n\t\t\t\t<div class=\"elementor-widget-container\">\n\t\t\t<h1 class=\"elementor-heading-title elementor-size-default\"><br>DIE TERMINE<br><\/h1>\t\t<\/div>\n\t\t\t\t<\/div>\n\t\t\t\t<div class=\"elementor-element elementor-element-521edf7 elementor-widget elementor-widget-heading\" data-id=\"521edf7\" data-element_type=\"widget\" data-widget_type=\"heading.default\">\n\t\t\t\t<div class=\"elementor-widget-container\">\n\t\t\t<h4 class=\"elementor-heading-title elementor-size-default\"><strong><em><span style=\"font-family: Calibri , sans-serif;\">Wir wu\u0308rden Sie bitten, eigene Becher fu\u0308r Getra\u0308nke mitzubringen.<\/span><\/em><\/strong> <br>Instagramkanal: <a href=\"https:\/\/www.instagram.com\/der_lebendige_adventskalender\/\">https:\/\/www.instagram.com\/der_lebendige_adventskalender\/<\/a><\/h4>\t\t<\/div>\n\t\t\t\t<\/div>\n\t\t\t\t<div class=\"elementor-element elementor-element-d416d78 elementor-widget elementor-widget-text-editor\" data-id=\"d416d78\" data-element_type=\"widget\" data-widget_type=\"text-editor.default\">\n\t\t\t\t<div class=\"elementor-widget-container\">\n\t\t\t\t\t\t\t\t<p><style type=\"text\/css\">P { margin-bottom: 0.21cm }<\/style><\/p><table border=\"1\" width=\"806\" cellspacing=\"0\" cellpadding=\"10\"><tbody><tr valign=\"TOP\"><td width=\"89\"><span style=\"color: #ffffff;\"><b>Dezember<\/b><\/span><\/td><td width=\"336\"><span style=\"color: #ffffff;\"><b>Gastgeber<\/b><\/span><\/td><td width=\"232\"><span style=\"color: #ffffff;\"><b>Adresse<\/b><\/span><\/td><td width=\"68\"><span style=\"color: #ffffff;\"><b>Uhrzeit<\/b><\/span><\/td><\/tr><tr valign=\"TOP\"><td width=\"89\"><p align=\"CENTER\"><span style=\"color: #ffffff;\">1.<\/span><\/p><\/td><td width=\"336\">\u00a0<\/td><td width=\"232\">\u00a0<\/td><td width=\"68\">\u00a0<\/td><\/tr><tr valign=\"TOP\"><td width=\"89\"><p align=\"CENTER\"><span style=\"color: #ffffff;\">2.<\/span><\/p><\/td><td width=\"336\">\u00a0Fam. Fr\u00f6hlich\/Greve<\/td><td width=\"232\">\u00a0Alte Landstr. 26<\/td><td width=\"68\">\u00a018:00<\/td><\/tr><tr valign=\"TOP\"><td width=\"89\"><p align=\"CENTER\"><span style=\"color: #ffffff;\">3.<\/span><\/p><\/td><td width=\"336\">\u00a0<\/td><td width=\"232\">\u00a0<\/td><td width=\"68\">\u00a0<\/td><\/tr><tr valign=\"TOP\"><td width=\"89\" height=\"3\"><p align=\"CENTER\"><span style=\"color: #ffffff;\">4.<\/span><\/p><\/td><td width=\"336\">Grundschule W\u00f6hrendamm<\/td><td width=\"232\">\u00a0W\u00f6hrendamm 59<\/td><td width=\"68\">\u00a016:30<\/td><\/tr><tr valign=\"TOP\"><td width=\"89\"><p align=\"CENTER\"><span style=\"color: #ffffff;\">5.<\/span><\/p><\/td><td width=\"336\">\u00a0<\/td><td width=\"232\">\u00a0<\/td><td width=\"68\">\u00a0<\/td><\/tr><tr valign=\"TOP\"><td width=\"89\"><p align=\"CENTER\"><span style=\"color: #ffffff;\">6.<\/span><\/p><\/td><td width=\"336\">Freikirchliche Gemeinde (inklusive Musikzug der Freiwilligen Feuerwehr)<\/td><td width=\"232\">\u00a0Papenwisch 5<\/td><td width=\"68\">16:00 (!)<\/td><\/tr><tr valign=\"TOP\"><td width=\"89\"><p align=\"CENTER\"><span style=\"color: #ffffff;\">7.<\/span><\/p><\/td><td width=\"336\">\u00a0<\/td><td width=\"232\">\u00a0<\/td><td width=\"68\">\u00a0<\/td><\/tr><tr valign=\"TOP\"><td width=\"89\"><p align=\"CENTER\"><span style=\"color: #ffffff;\">8.<\/span><\/p><\/td><td width=\"336\">\u00a0<\/td><td width=\"232\">\u00a0<\/td><td width=\"68\">\u00a0<\/td><\/tr><tr valign=\"TOP\"><td width=\"89\"><p align=\"CENTER\"><span style=\"color: #ffffff;\">9.<\/span><\/p><\/td><td width=\"336\">\u00a0<\/td><td width=\"232\">\u00a0<\/td><td width=\"68\">\u00a0<\/td><\/tr><tr valign=\"TOP\"><td width=\"89\"><p align=\"CENTER\"><span style=\"color: #ffffff;\">10.<\/span><\/p><\/td><td width=\"336\">\u00a0Evangelische Jugend<\/td><td width=\"232\">\u00a0Auferstehungskirche, Alte Landstrasse<\/td><td width=\"68\">\u00a018:00<\/td><\/tr><tr valign=\"TOP\"><td width=\"89\"><p align=\"CENTER\"><span style=\"color: #ffffff;\">11.<\/span><\/p><\/td><td width=\"336\">\u00a0<\/td><td width=\"232\">\u00a0<\/td><td width=\"68\">\u00a0<\/td><\/tr><tr valign=\"TOP\"><td width=\"89\"><p align=\"CENTER\"><span style=\"color: #ffffff;\">12.<\/span><\/p><\/td><td width=\"336\">\u00a0<\/td><td width=\"232\">\u00a0<\/td><td width=\"68\">\u00a0<\/td><\/tr><tr valign=\"TOP\"><td width=\"89\"><p align=\"CENTER\"><span style=\"color: #ffffff;\">13.<\/span><\/p><\/td><td width=\"336\">\u00a0Fam. Bialecki (bei Regen unter dem Carport)<\/td><td width=\"232\">\u00a0Kastanienweg 14<\/td><td width=\"68\">\u00a017:00<\/td><\/tr><tr valign=\"TOP\"><td width=\"89\"><p align=\"CENTER\"><span style=\"color: #ffffff;\">14.<\/span><\/p><\/td><td width=\"336\">\u00a0<\/td><td width=\"232\">\u00a0<\/td><td width=\"68\">\u00a0<\/td><\/tr><tr valign=\"TOP\"><td width=\"89\"><p align=\"CENTER\"><span style=\"color: #ffffff;\">15.<\/span><\/p><\/td><td width=\"336\">B\u00fccherei Gro\u00dfhansdorf<\/td><td width=\"232\">Sieker landstrasse 203 b (gegen\u00fcber vom EvB)<\/td><td width=\"68\">18:00<\/td><\/tr><tr valign=\"TOP\"><td width=\"89\"><p align=\"CENTER\"><span style=\"color: #ffffff;\">16.<\/span><\/p><\/td><td width=\"336\">\u00a0<\/td><td width=\"232\">\u00a0<\/td><td width=\"68\">\u00a0<\/td><\/tr><tr valign=\"TOP\"><td width=\"89\"><p align=\"CENTER\"><span style=\"color: #ffffff;\">17.<\/span><\/p><\/td><td width=\"336\">\u00a0Fam. Zimny<\/td><td width=\"232\">\u00a0Alte Landstr. 30a (bei Regen unter dem Carport)<\/td><td width=\"68\">\u00a018:00<\/td><\/tr><tr valign=\"TOP\"><td width=\"89\"><p align=\"CENTER\"><span style=\"color: #ffffff;\">18.<\/span><\/p><\/td><td width=\"336\">\u00a0Klinik Manhagen<\/td><td width=\"232\">\u00a0Sieker Landstrasse 19<\/td><td width=\"68\">\u00a016:30<\/td><\/tr><tr valign=\"TOP\"><td width=\"89\"><p align=\"CENTER\"><span style=\"color: #ffffff;\">19.<\/span><\/p><\/td><td width=\"336\">\u00a0<\/td><td width=\"232\">\u00a0<\/td><td width=\"68\">\u00a0<\/td><\/tr><tr valign=\"TOP\"><td width=\"89\"><p align=\"CENTER\"><span style=\"color: #ffffff;\">20.<\/span><\/p><\/td><td width=\"336\">Fam Woge<\/td><td width=\"232\">Sieker Landstrasse 113b<\/td><td width=\"68\">18:00<\/td><\/tr><tr valign=\"TOP\"><td width=\"89\"><p align=\"CENTER\"><span style=\"color: #ffffff;\">21.<\/span><\/p><\/td><td width=\"336\">\u00a0Singegottestdienst Auferstehungskirche Gro\u00dfhansdorf<\/td><td width=\"232\">Alte Landstr. 20<\/td><td width=\"68\">\u00a017:00<\/td><\/tr><tr valign=\"TOP\"><td width=\"89\"><p align=\"CENTER\"><span style=\"color: #ffffff;\">22.<\/span><\/p><\/td><td width=\"336\">Fam. Luft<\/td><td width=\"232\">\u00a0Neuer Achterkamp 46a<\/td><td width=\"68\">\u00a018:00<\/td><\/tr><tr valign=\"TOP\"><td width=\"89\"><p align=\"CENTER\"><span style=\"color: #ffffff;\">23.<\/span><\/p><\/td><td width=\"336\"><span style=\"color: #ffffff;\">Fam. Hansen <\/span>(bei Regen unterm Carport)<\/td><td width=\"232\"><span style=\"color: #ffffff;\">Himmelshorst 23a<\/span><\/td><td width=\"68\"><span style=\"color: #ffffff;\">17:00<\/span><\/td><\/tr><tr valign=\"TOP\"><td width=\"89\"><p align=\"CENTER\"><span style=\"color: #ffffff;\">24.<\/span><\/p><\/td><td width=\"336\"><span style=\"color: #ffffff;\">Heilig Abend<\/span><\/td><td width=\"232\"><span style=\"color: #ffffff;\"><b>Frohe Weihnachten!<\/b><\/span><\/td><td width=\"68\">\u00a0<\/td><\/tr><\/tbody><\/table>\t\t\t\t\t\t<\/div>\n\t\t\t\t<\/div>\n\t\t\t\t\t<\/div>\n\t\t<\/div>\n\t\t\t\t\t\t\t<\/div>\n\t\t<\/section>\n\t\t\t\t<section class=\"elementor-section elementor-top-section elementor-element elementor-element-974619f elementor-section-boxed elementor-section-height-default elementor-section-height-default\" data-id=\"974619f\" data-element_type=\"section\">\n\t\t\t\t\t\t<div class=\"elementor-container elementor-column-gap-default\">\n\t\t\t\t\t<div class=\"elementor-column elementor-col-100 elementor-top-column elementor-element elementor-element-9184c5a\" data-id=\"9184c5a\" data-element_type=\"column\">\n\t\t\t<div class=\"elementor-widget-wrap\">\n\t\t\t\t\t\t\t\t\t<\/div>\n\t\t<\/div>\n\t\t\t\t\t\t\t<\/div>\n\t\t<\/section>\n\t\t\t\t\t\t<\/div>\n\t\t\t\t\t<\/div>\n\t\t","protected":false},"excerpt":{"rendered":"<p>Der lebendige Adventskalender Gro\u00dfhansdorf 1. DIE IDEE Man trifft sich drau\u00dfen vor einem adventlich geschm\u00fcckten Fenster, singt Weihnachtslieder, h\u00f6rt Gedichte oder Geschichten und l\u00e4sst diese besinnliche Stimmung &#8211; je nach Wetterlage &#8211; noch bei einem Punsch und netten Gespr\u00e4chen ausklingen 2. INFOS Jetzt einen Termin sichern und einen wunderbaren Abend vor einem weihnachtlich geschm\u00fcckten Fenster &hellip;<\/p>\n<p class=\"read-more\"> <a class=\"\" href=\"https:\/\/kirschgruen.com\/kunden\/lebendigeradventskalender\/\"> <span class=\"screen-reader-text\">lebendiger Adventskalender<\/span> Weiterlesen &raquo;<\/a><\/p>\n","protected":false},"author":1,"featured_media":0,"parent":0,"menu_order":0,"comment_status":"closed","ping_status":"closed","template":"","meta":{"footnotes":""},"class_list":["post-45","page","type-page","status-publish","hentry"],"_links":{"self":[{"href":"https:\/\/kirschgruen.com\/kunden\/lebendigeradventskalender\/index.php?rest_route=\/wp\/v2\/pages\/45","targetHints":{"allow":["GET"]}}],"collection":[{"href":"https:\/\/kirschgruen.com\/kunden\/lebendigeradventskalender\/index.php?rest_route=\/wp\/v2\/pages"}],"about":[{"href":"https:\/\/kirschgruen.com\/kunden\/lebendigeradventskalender\/index.php?rest_route=\/wp\/v2\/types\/page"}],"author":[{"embeddable":true,"href":"https:\/\/kirschgruen.com\/kunden\/lebendigeradventskalender\/index.php?rest_route=\/wp\/v2\/users\/1"}],"replies":[{"embeddable":true,"href":"https:\/\/kirschgruen.com\/kunden\/lebendigeradventskalender\/index.php?rest_route=%2Fwp%2Fv2%2Fcomments&post=45"}],"version-history":[{"count":252,"href":"https:\/\/kirschgruen.com\/kunden\/lebendigeradventskalender\/index.php?rest_route=\/wp\/v2\/pages\/45\/revisions"}],"predecessor-version":[{"id":363,"href":"https:\/\/kirschgruen.com\/kunden\/lebendigeradventskalender\/index.php?rest_route=\/wp\/v2\/pages\/45\/revisions\/363"}],"wp:attachment":[{"href":"https:\/\/kirschgruen.com\/kunden\/lebendigeradventskalender\/index.php?rest_route=%2Fwp%2Fv2%2Fmedia&parent=45"}],"curies":[{"name":"wp","href":"https:\/\/api.w.org\/{rel}","templated":true}]}}